{"id":13777,"date":"2020-10-09T13:39:05","date_gmt":"2020-10-09T10:39:05","guid":{"rendered":"https:\/\/sotukai.lt\/how-were-sotukai-born\/"},"modified":"2026-01-28T15:05:58","modified_gmt":"2026-01-28T13:05:58","slug":"how-were-sotukai-born","status":"publish","type":"page","link":"https:\/\/sotukai.lt\/en\/how-were-sotukai-born\/","title":{"rendered":"How were Sotukai born?"},"content":{"rendered":"\t\t<div data-elementor-type=\"wp-post\" data-elementor-id=\"13777\" class=\"elementor elementor-13777 elementor-1004\" data-elementor-post-type=\"page\">\n\t\t\t\t<div class=\"elementor-element elementor-element-8d1a06d e-flex e-con-boxed e-con e-parent\" data-id=\"8d1a06d\" data-element_type=\"container\">\n\t\t\t\t\t<div class=\"e-con-inner\">\n\t\t\t\t<div class=\"elementor-element elementor-element-555175b elementor-widget elementor-widget-text-editor\" data-id=\"555175b\" data-element_type=\"widget\" data-widget_type=\"text-editor.default\">\n\t\t\t\t<div class=\"elementor-widget-container\">\n\t\t\t\t\t\t\t\t\t<p>Article link: <a style=\"background-color: #ffffff;\" href=\"https:\/\/www.15min.lt\/gyvenimas\/naujiena\/maistas\/sotuku-magija-atradusi-kelmiske-snieguole-dabar-jau-negrauzia-sazine-kad-privalgiau-cukraus-1632-2400862\" target=\"_blank\" rel=\"noopener\">https:\/\/www.15min.lt\/gyvenimas<\/a><\/p>\n<p>Author of this article: <br><a href=\"https:\/\/www.15min.lt\/autorius\/%20aiste-turcinaviciute-1179184\">Aist\u0117 Tur\u010dinavi\u010di\u016bt\u0117<\/a> <br>Journalist of the Life section  <\/p>\t\t\t\t\t\t\t\t<\/div>\n\t\t\t\t<\/div>\n\t\t\t\t<div class=\"elementor-element elementor-element-51d9111 elementor-widget elementor-widget-heading\" data-id=\"51d9111\" data-element_type=\"widget\" data-widget_type=\"heading.default\">\n\t\t\t\t<div class=\"elementor-widget-container\">\n\t\t\t\t\t<h1 class=\"elementor-heading-title elementor-size-default\">Snieguol\u0117, who creates these energy balls: desserts can be \"sinless\"\n<\/h1>\t\t\t\t<\/div>\n\t\t\t\t<\/div>\n\t\t\t\t<div class=\"elementor-element elementor-element-5fc7c0c elementor-widget elementor-widget-text-editor\" data-id=\"5fc7c0c\" data-element_type=\"widget\" data-widget_type=\"text-editor.default\">\n\t\t\t\t<div class=\"elementor-widget-container\">\n\t\t\t\t\t\t\t\t\t<p>&#8220;How often do you want something tasty, but when you taste it, you feel guilty about the high sugar content?&#8221; &#8211; Snieguol\u0117 asks a question that many people ask.<\/p>\t\t\t\t\t\t\t\t<\/div>\n\t\t\t\t<\/div>\n\t\t\t\t<div class=\"elementor-element elementor-element-fd4722a elementor-widget elementor-widget-image\" data-id=\"fd4722a\" data-element_type=\"widget\" data-widget_type=\"image.default\">\n\t\t\t\t<div class=\"elementor-widget-container\">\n\t\t\t\t\t\t\t\t\t\t\t\t\t\t\t<img fetchpriority=\"high\" decoding=\"async\" width=\"768\" height=\"576\" src=\"https:\/\/sotukai.lt\/wp-content\/uploads\/2025\/06\/sotukai-67bc7c058567b-768x576.jpg\" class=\"attachment-medium_large size-medium_large wp-image-13352\" alt=\"\" srcset=\"https:\/\/sotukai.lt\/wp-content\/uploads\/2025\/06\/sotukai-67bc7c058567b-768x576.jpg 768w, https:\/\/sotukai.lt\/wp-content\/uploads\/2025\/06\/sotukai-67bc7c058567b-300x225.jpg 300w, https:\/\/sotukai.lt\/wp-content\/uploads\/2025\/06\/sotukai-67bc7c058567b-1024x768.jpg 1024w, https:\/\/sotukai.lt\/wp-content\/uploads\/2025\/06\/sotukai-67bc7c058567b-1536x1152.jpg 1536w, https:\/\/sotukai.lt\/wp-content\/uploads\/2025\/06\/sotukai-67bc7c058567b-990x743.jpg 990w, https:\/\/sotukai.lt\/wp-content\/uploads\/2025\/06\/sotukai-67bc7c058567b-441x331.jpg 441w, https:\/\/sotukai.lt\/wp-content\/uploads\/2025\/06\/sotukai-67bc7c058567b-800x600.jpg 800w, https:\/\/sotukai.lt\/wp-content\/uploads\/2025\/06\/sotukai-67bc7c058567b-150x113.jpg 150w, https:\/\/sotukai.lt\/wp-content\/uploads\/2025\/06\/sotukai-67bc7c058567b.jpg 1920w\" sizes=\"(max-width: 768px) 100vw, 768px\" \/>\t\t\t\t\t\t\t\t\t\t\t\t\t\t\t<\/div>\n\t\t\t\t<\/div>\n\t\t\t\t<div class=\"elementor-element elementor-element-e1b4551 elementor-widget elementor-widget-text-editor\" data-id=\"e1b4551\" data-element_type=\"widget\" data-widget_type=\"text-editor.default\">\n\t\t\t\t<div class=\"elementor-widget-container\">\n\t\t\t\t\t\t\t\t\t<p>A few years ago, a woman solved this dilemma for her family by creating &#8220;Sotukai&#8221; &#8211; energy balls in a variety of flavours and enriched with nutrients. Now she is sharing the magic of satiating with other people, turning snacking into a delicious and healthy moment.  <\/p>\t\t\t\t\t\t\t\t<\/div>\n\t\t\t\t<\/div>\n\t\t\t\t<div class=\"elementor-element elementor-element-2ba4cec elementor-widget elementor-widget-text-editor\" data-id=\"2ba4cec\" data-element_type=\"widget\" data-widget_type=\"text-editor.default\">\n\t\t\t\t<div class=\"elementor-widget-container\">\n\t\t\t\t\t\t\t\t\t<h2>Healthy living alongside work  <\/h2>\t\t\t\t\t\t\t\t<\/div>\n\t\t\t\t<\/div>\n\t\t\t\t<div class=\"elementor-element elementor-element-3c89f19 elementor-widget elementor-widget-text-editor\" data-id=\"3c89f19\" data-element_type=\"widget\" data-widget_type=\"text-editor.default\">\n\t\t\t\t<div class=\"elementor-widget-container\">\n\t\t\t\t\t\t\t\t\t<p>As Snieguol\u0117 tells 15min, before she started the &#8220;Sotukai&#8221; business, she had been following a &#8220;safe and stable&#8221; path for a long time. After graduating from the then Vilnius Pedagogical University in 1996, she immediately started working as a technology teacher. Later, when the school was reorganised and there were no more classes, she studied English at \u0160iauliai University and defended her title of methodologist.  <br><br><br><\/p>\t\t\t\t\t\t\t\t<\/div>\n\t\t\t\t<\/div>\n\t\t\t\t<div class=\"elementor-element elementor-element-b39f852 elementor-widget elementor-widget-image\" data-id=\"b39f852\" data-element_type=\"widget\" data-widget_type=\"image.default\">\n\t\t\t\t<div class=\"elementor-widget-container\">\n\t\t\t\t\t\t\t\t\t\t\t\t\t\t\t<img decoding=\"async\" width=\"670\" height=\"707\" src=\"https:\/\/sotukai.lt\/wp-content\/uploads\/2025\/06\/sotukailitexpo.jpg\" class=\"attachment-medium_large size-medium_large wp-image-13359\" alt=\"\" srcset=\"https:\/\/sotukai.lt\/wp-content\/uploads\/2025\/06\/sotukailitexpo.jpg 670w, https:\/\/sotukai.lt\/wp-content\/uploads\/2025\/06\/sotukailitexpo-284x300.jpg 284w, https:\/\/sotukai.lt\/wp-content\/uploads\/2025\/06\/sotukailitexpo-441x465.jpg 441w, https:\/\/sotukai.lt\/wp-content\/uploads\/2025\/06\/sotukailitexpo-300x317.jpg 300w, https:\/\/sotukai.lt\/wp-content\/uploads\/2025\/06\/sotukailitexpo-150x158.jpg 150w\" sizes=\"(max-width: 670px) 100vw, 670px\" \/>\t\t\t\t\t\t\t\t\t\t\t\t\t\t\t<\/div>\n\t\t\t\t<\/div>\n\t\t\t\t<div class=\"elementor-element elementor-element-36d1d33 elementor-widget elementor-widget-text-editor\" data-id=\"36d1d33\" data-element_type=\"widget\" data-widget_type=\"text-editor.default\">\n\t\t\t\t<div class=\"elementor-widget-container\">\n\t\t\t\t\t\t\t\t\t<p>&#8220;But every 1st of September was a challenge and a huge tension for me. I had a great time with the students, we are still friends, but the whole thing and the frame were a challenge. The phrase of one great twelfth grader at the graduation ceremony stuck with me: &#8216;You are a great teacher, but you lack brutality&#8217;. That&#8217;s when the thought came that it was time to change something. We raised 4 sons, and when the youngest graduated from grammar school, so did I&#8221;, she says.    <\/p>\n<p>When the pandemic and quarantine started, according to Snow White, she allowed herself to &#8220;just be and wait for the answer to what I really want to do&#8221;. The answer came quite naturally to her &#8211; all she had to do was to look back to an area she had been interested in since her youth. <\/p>\n<p>&#8220;In addition to my work, I have been involved in a healthy lifestyle since I graduated: I was involved in the Lithuanian Healthy People&#8217;s Union, managed a health club, organised healthy lifestyle events at school and summer camps for children, and completed a wide range of yoga and meditation courses and healthy cooking courses myself.<\/p>\t\t\t\t\t\t\t\t<\/div>\n\t\t\t\t<\/div>\n\t\t\t\t<div class=\"elementor-element elementor-element-79c7671 elementor-widget elementor-widget-image\" data-id=\"79c7671\" data-element_type=\"widget\" data-widget_type=\"image.default\">\n\t\t\t\t<div class=\"elementor-widget-container\">\n\t\t\t\t\t\t\t\t\t\t\t\t\t\t\t<img decoding=\"async\" width=\"768\" height=\"512\" src=\"https:\/\/sotukai.lt\/wp-content\/uploads\/2025\/06\/sotukaicechas-768x512.jpg\" class=\"attachment-medium_large size-medium_large wp-image-13357\" alt=\"\" srcset=\"https:\/\/sotukai.lt\/wp-content\/uploads\/2025\/06\/sotukaicechas-768x512.jpg 768w, https:\/\/sotukai.lt\/wp-content\/uploads\/2025\/06\/sotukaicechas-300x200.jpg 300w, https:\/\/sotukai.lt\/wp-content\/uploads\/2025\/06\/sotukaicechas-1024x683.jpg 1024w, https:\/\/sotukai.lt\/wp-content\/uploads\/2025\/06\/sotukaicechas-1536x1024.jpg 1536w, https:\/\/sotukai.lt\/wp-content\/uploads\/2025\/06\/sotukaicechas-990x660.jpg 990w, https:\/\/sotukai.lt\/wp-content\/uploads\/2025\/06\/sotukaicechas-441x294.jpg 441w, https:\/\/sotukai.lt\/wp-content\/uploads\/2025\/06\/sotukaicechas-800x533.jpg 800w, https:\/\/sotukai.lt\/wp-content\/uploads\/2025\/06\/sotukaicechas-150x100.jpg 150w, https:\/\/sotukai.lt\/wp-content\/uploads\/2025\/06\/sotukaicechas.jpg 1920w\" sizes=\"(max-width: 768px) 100vw, 768px\" \/>\t\t\t\t\t\t\t\t\t\t\t\t\t\t\t<\/div>\n\t\t\t\t<\/div>\n\t\t\t\t<div class=\"elementor-element elementor-element-c655fa7 elementor-widget elementor-widget-text-editor\" data-id=\"c655fa7\" data-element_type=\"widget\" data-widget_type=\"text-editor.default\">\n\t\t\t\t<div class=\"elementor-widget-container\">\n\t\t\t\t\t\t\t\t\t<p>In our family, we have been practising different dietary theories for a long time, and we choose what works and what fits. We are now in the third decade of a family that alternates between vegetarianism, green eating, fruit eating, omnivorous eating, and detox programmes. The inner need to share what I know has brought me to one point &#8211; to promote health-promoting plants, also known as superfoods&#8221;, reveals Snieguol\u0117.  <\/p><h2>Nutrition &#8211; the key to a healthier life<\/h2><p>Her current &#8220;Sotukai&#8221;, made from a variety of plant-based products, reflects her long search to incorporate as many valuable nutrients as possible into her family&#8217;s daily diet. &#8220;I&#8217;ve felt for a long time that well-being, health and even mood are linked to what we eat. What is clear is that a varied diet gives the body everything it needs for energy and health, without having to look for supplements in pharmacies,&#8221; says Snieguol\u0117.  <\/p>\t\t\t\t\t\t\t\t<\/div>\n\t\t\t\t<\/div>\n\t\t\t\t<div class=\"elementor-element elementor-element-c9c9e0e elementor-widget elementor-widget-image\" data-id=\"c9c9e0e\" data-element_type=\"widget\" data-widget_type=\"image.default\">\n\t\t\t\t<div class=\"elementor-widget-container\">\n\t\t\t\t\t\t\t\t\t\t\t\t\t\t\t<img loading=\"lazy\" decoding=\"async\" width=\"670\" height=\"446\" src=\"https:\/\/sotukai.lt\/wp-content\/uploads\/2025\/06\/sotukaivaisina.jpg\" class=\"attachment-medium_large size-medium_large wp-image-13355\" alt=\"\" srcset=\"https:\/\/sotukai.lt\/wp-content\/uploads\/2025\/06\/sotukaivaisina.jpg 670w, https:\/\/sotukai.lt\/wp-content\/uploads\/2025\/06\/sotukaivaisina-300x200.jpg 300w, https:\/\/sotukai.lt\/wp-content\/uploads\/2025\/06\/sotukaivaisina-441x294.jpg 441w, https:\/\/sotukai.lt\/wp-content\/uploads\/2025\/06\/sotukaivaisina-150x100.jpg 150w\" sizes=\"(max-width: 670px) 100vw, 670px\" \/>\t\t\t\t\t\t\t\t\t\t\t\t\t\t\t<\/div>\n\t\t\t\t<\/div>\n\t\t\t\t<div class=\"elementor-element elementor-element-29b347f elementor-widget elementor-widget-text-editor\" data-id=\"29b347f\" data-element_type=\"widget\" data-widget_type=\"text-editor.default\">\n\t\t\t\t<div class=\"elementor-widget-container\">\n\t\t\t\t\t\t\t\t\t<p>Although she says it is easy to eat healthy at home, she was faced with a dilemma: what do you do when you are at work, travelling, or don&#8217;t have time to cook?<\/p>\n<p>&#8220;There is such a great choice of plant-based products nowadays &#8211; more than ever before &#8211; but when you&#8217;re caught up in work and activities, it&#8217;s a challenge to eat a full diet every day. Breakfast gluten is a lifesaver, with lots of superfoods that can be deliciously &#8216;hidden&#8217;, but what about when you&#8217;re not at home? Looking for ways to pack something valuable and convenient for my family to take to work, study or travel, I created sotukus. When you are hungry and have a sotuk at hand, the chances of eating unhealthy food are greatly reduced,&#8221; says the Kelmis woman.   <\/p>\n<p>As the woman points out, the idea of &#8220;Sotukai&#8221; soon paid off. After all, so many people now avoid added sugar, saturated fat, dairy and gluten. What&#8217;s more, these energy balls attract shoppers because they are full of valuable calories, vitamin E, potassium, manganese, phosphorus, magnesium, copper, calcium, zinc, iron and fibre, which guarantees long-lasting satiety.  <\/p>\t\t\t\t\t\t\t\t<\/div>\n\t\t\t\t<\/div>\n\t\t\t\t<div class=\"elementor-element elementor-element-b2dacb9 elementor-widget elementor-widget-image\" data-id=\"b2dacb9\" data-element_type=\"widget\" data-widget_type=\"image.default\">\n\t\t\t\t<div class=\"elementor-widget-container\">\n\t\t\t\t\t\t\t\t\t\t\t\t\t\t\t<img loading=\"lazy\" decoding=\"async\" width=\"670\" height=\"446\" src=\"https:\/\/sotukai.lt\/wp-content\/uploads\/2025\/06\/sotukaidarbuotojos.jpg\" class=\"attachment-medium_large size-medium_large wp-image-13361\" alt=\"\" srcset=\"https:\/\/sotukai.lt\/wp-content\/uploads\/2025\/06\/sotukaidarbuotojos.jpg 670w, https:\/\/sotukai.lt\/wp-content\/uploads\/2025\/06\/sotukaidarbuotojos-300x200.jpg 300w, https:\/\/sotukai.lt\/wp-content\/uploads\/2025\/06\/sotukaidarbuotojos-441x294.jpg 441w, https:\/\/sotukai.lt\/wp-content\/uploads\/2025\/06\/sotukaidarbuotojos-150x100.jpg 150w\" sizes=\"(max-width: 670px) 100vw, 670px\" \/>\t\t\t\t\t\t\t\t\t\t\t\t\t\t\t<\/div>\n\t\t\t\t<\/div>\n\t\t\t\t<div class=\"elementor-element elementor-element-7354524 elementor-widget elementor-widget-text-editor\" data-id=\"7354524\" data-element_type=\"widget\" data-widget_type=\"text-editor.default\">\n\t\t\t\t<div class=\"elementor-widget-container\">\n\t\t\t\t\t\t\t\t\t<p>Snieguol\u0117, who currently runs a business in Kelm\u0117 with a colleague and her husband, offers as many as 9 varieties of &#8220;Sotukai&#8221; to customers. From matcha and cashews in dates, to lingonberries and gingerbread in almonds, to sea buckthorn and quince in apricots, there is something for everyone in this variety. Just a few balls per snack are enough to make you feel full and satisfied.  <\/p>\n<p>&#8220;Knowing that my Sotukai contribute to the health, well-being and mood of my eaters inspires me to create and share,&#8221; she smiles.<\/p>\t\t\t\t\t\t\t\t<\/div>\n\t\t\t\t<\/div>\n\t\t\t\t\t<\/div>\n\t\t\t\t<\/div>\n\t\t\t\t<\/div>\n\t\t","protected":false},"excerpt":{"rendered":"<p>Article link: https:\/\/www.15min.lt\/gyvenimas Author of this article: Aist\u0117 Tur\u010dinavi\u010di\u016bt\u0117 Journalist of the Life section Snieguol\u0117, who creates these energy balls: desserts can be &#8220;sinless&#8221; &#8220;How often do you want something tasty, but when you taste it, you feel guilty about the high sugar content?&#8221; &#8211; Snieguol\u0117 asks a question that many people ask. A few [&hellip;]<\/p>\n","protected":false},"author":1,"featured_media":0,"parent":0,"menu_order":0,"comment_status":"closed","ping_status":"closed","template":"elementor_header_footer","meta":{"_eb_attr":"","_eb_data_table":"","_monsterinsights_skip_tracking":false,"_monsterinsights_sitenote_active":false,"_monsterinsights_sitenote_note":"","_monsterinsights_sitenote_category":0,"_glsr_average":0,"_glsr_ranking":0,"_glsr_reviews":0,"footnotes":""},"class_list":["post-13777","page","type-page","status-publish","hentry"],"aioseo_notices":[],"_links":{"self":[{"href":"https:\/\/sotukai.lt\/en\/wp-json\/wp\/v2\/pages\/13777","targetHints":{"allow":["GET"]}}],"collection":[{"href":"https:\/\/sotukai.lt\/en\/wp-json\/wp\/v2\/pages"}],"about":[{"href":"https:\/\/sotukai.lt\/en\/wp-json\/wp\/v2\/types\/page"}],"author":[{"embeddable":true,"href":"https:\/\/sotukai.lt\/en\/wp-json\/wp\/v2\/users\/1"}],"replies":[{"embeddable":true,"href":"https:\/\/sotukai.lt\/en\/wp-json\/wp\/v2\/comments?post=13777"}],"version-history":[{"count":6,"href":"https:\/\/sotukai.lt\/en\/wp-json\/wp\/v2\/pages\/13777\/revisions"}],"predecessor-version":[{"id":17106,"href":"https:\/\/sotukai.lt\/en\/wp-json\/wp\/v2\/pages\/13777\/revisions\/17106"}],"wp:attachment":[{"href":"https:\/\/sotukai.lt\/en\/wp-json\/wp\/v2\/media?parent=13777"}],"curies":[{"name":"wp","href":"https:\/\/api.w.org\/{rel}","templated":true}]}}